{"id":125,"date":"2024-01-18T11:58:45","date_gmt":"2024-01-18T10:58:45","guid":{"rendered":"https:\/\/terralea.fr\/?page_id=125"},"modified":"2024-04-30T14:28:23","modified_gmt":"2024-04-30T12:28:23","slug":"allergie","status":"publish","type":"page","link":"https:\/\/terralea.fr\/?page_id=125","title":{"rendered":"Allergo"},"content":{"rendered":"\t\t<div data-elementor-type=\"wp-page\" data-elementor-id=\"125\" class=\"elementor elementor-125\">\n\t\t\t\t<div class=\"elementor-element elementor-element-4488ae4 e-con-full e-flex e-con e-parent\" data-id=\"4488ae4\" data-element_type=\"container\" data-core-v316-plus=\"true\">\n\t\t<div class=\"elementor-element elementor-element-2c3c5dc e-con-full e-flex e-con e-child\" data-id=\"2c3c5dc\" data-element_type=\"container\">\n\t\t\t\t<div class=\"elementor-element elementor-element-88f2cc0 elementor-widget__width-initial elementor-widget elementor-widget-image\" data-id=\"88f2cc0\" data-element_type=\"widget\" data-widget_type=\"image.default\">\n\t\t\t\t<div class=\"elementor-widget-container\">\n\t\t\t<style>\/*! elementor - v3.20.0 - 26-03-2024 *\/\n.elementor-widget-image{text-align:center}.elementor-widget-image a{display:inline-block}.elementor-widget-image a img[src$=\".svg\"]{width:48px}.elementor-widget-image img{vertical-align:middle;display:inline-block}<\/style>\t\t\t\t\t\t\t\t\t\t<img fetchpriority=\"high\" decoding=\"async\" width=\"640\" height=\"905\" src=\"https:\/\/terralea.fr\/wp-content\/uploads\/2024\/03\/1-724x1024.png\" class=\"attachment-large size-large wp-image-496\" alt=\"\" srcset=\"https:\/\/terralea.fr\/wp-content\/uploads\/2024\/03\/1-724x1024.png 724w, https:\/\/terralea.fr\/wp-content\/uploads\/2024\/03\/1-212x300.png 212w, https:\/\/terralea.fr\/wp-content\/uploads\/2024\/03\/1-768x1086.png 768w, https:\/\/terralea.fr\/wp-content\/uploads\/2024\/03\/1-1086x1536.png 1086w, https:\/\/terralea.fr\/wp-content\/uploads\/2024\/03\/1-300x424.png 300w, https:\/\/terralea.fr\/wp-content\/uploads\/2024\/03\/1-850x1202.png 850w, https:\/\/terralea.fr\/wp-content\/uploads\/2024\/03\/1-600x849.png 600w, https:\/\/terralea.fr\/wp-content\/uploads\/2024\/03\/1.png 1414w\" sizes=\"(max-width: 640px) 100vw, 640px\" \/>\t\t\t\t\t\t\t\t\t\t\t\t\t<\/div>\n\t\t\t\t<\/div>\n\t\t\t\t<\/div>\n\t\t<div class=\"elementor-element elementor-element-a31c8f1 e-con-full e-flex e-con e-child\" data-id=\"a31c8f1\" data-element_type=\"container\">\n\t\t\t\t<div class=\"elementor-element elementor-element-eba4b8d elementor-widget elementor-widget-text-editor\" data-id=\"eba4b8d\" data-element_type=\"widget\" data-widget_type=\"text-editor.default\">\n\t\t\t\t<div class=\"elementor-widget-container\">\n\t\t\t<style>\/*! elementor - v3.20.0 - 26-03-2024 *\/\n.elementor-widget-text-editor.elementor-drop-cap-view-stacked .elementor-drop-cap{background-color:#69727d;color:#fff}.elementor-widget-text-editor.elementor-drop-cap-view-framed .elementor-drop-cap{color:#69727d;border:3px solid;background-color:transparent}.elementor-widget-text-editor:not(.elementor-drop-cap-view-default) .elementor-drop-cap{margin-top:8px}.elementor-widget-text-editor:not(.elementor-drop-cap-view-default) .elementor-drop-cap-letter{width:1em;height:1em}.elementor-widget-text-editor .elementor-drop-cap{float:left;text-align:center;line-height:1;font-size:50px}.elementor-widget-text-editor .elementor-drop-cap-letter{display:inline-block}<\/style>\t\t\t\t<p><strong><span style=\"font-size: 16px;\">Allergo<\/span><\/strong><\/p><p><strong>Synergie d&#8217;extraits v\u00e9g\u00e9taux<\/strong><\/p><p>Soutient le syst\u00e8me respiratoire en cas d&#8217;allergie<\/p>\t\t\t\t\t\t<\/div>\n\t\t\t\t<\/div>\n\t\t\t\t<div class=\"elementor-element elementor-element-9b1bea0 elementor-align-left elementor-widget elementor-widget-button\" data-id=\"9b1bea0\" data-element_type=\"widget\" data-widget_type=\"button.default\">\n\t\t\t\t<div class=\"elementor-widget-container\">\n\t\t\t\t\t<div class=\"elementor-button-wrapper\">\n\t\t\t<a class=\"elementor-button elementor-button-link elementor-size-sm\" href=\"#\">\n\t\t\t\t\t\t<span class=\"elementor-button-content-wrapper\">\n\t\t\t\t\t\t<span class=\"elementor-button-text\">Acheter<\/span>\n\t\t<\/span>\n\t\t\t\t\t<\/a>\n\t\t<\/div>\n\t\t\t\t<\/div>\n\t\t\t\t<\/div>\n\t\t\t\t<div class=\"elementor-element elementor-element-1e5bf19 elementor-widget elementor-widget-heading\" data-id=\"1e5bf19\" data-element_type=\"widget\" data-widget_type=\"heading.default\">\n\t\t\t\t<div class=\"elementor-widget-container\">\n\t\t\t<style>\/*! elementor - v3.20.0 - 26-03-2024 *\/\n.elementor-heading-title{padding:0;margin:0;line-height:1}.elementor-widget-heading .elementor-heading-title[class*=elementor-size-]>a{color:inherit;font-size:inherit;line-height:inherit}.elementor-widget-heading .elementor-heading-title.elementor-size-small{font-size:15px}.elementor-widget-heading .elementor-heading-title.elementor-size-medium{font-size:19px}.elementor-widget-heading .elementor-heading-title.elementor-size-large{font-size:29px}.elementor-widget-heading .elementor-heading-title.elementor-size-xl{font-size:39px}.elementor-widget-heading .elementor-heading-title.elementor-size-xxl{font-size:59px}<\/style><h4 class=\"elementor-heading-title elementor-size-default\">14,00\u20ac<\/h4>\t\t<\/div>\n\t\t\t\t<\/div>\n\t\t\t\t<\/div>\n\t\t\t\t<\/div>\n\t\t\t\t<\/div>\n\t\t","protected":false},"excerpt":{"rendered":"<p>Allergo Synergie d&#8217;extraits v\u00e9g\u00e9taux Soutient le syst\u00e8me respiratoire en cas d&#8217;allergie Acheter 14,00\u20ac<\/p>\n","protected":false},"author":1,"featured_media":0,"parent":0,"menu_order":0,"comment_status":"closed","ping_status":"closed","template":"","meta":{"om_disable_all_campaigns":false,"_monsterinsights_skip_tracking":false,"_monsterinsights_sitenote_active":false,"_monsterinsights_sitenote_note":"","_monsterinsights_sitenote_category":0,"footnotes":""},"aioseo_notices":[],"_links":{"self":[{"href":"https:\/\/terralea.fr\/index.php?rest_route=\/wp\/v2\/pages\/125"}],"collection":[{"href":"https:\/\/terralea.fr\/index.php?rest_route=\/wp\/v2\/pages"}],"about":[{"href":"https:\/\/terralea.fr\/index.php?rest_route=\/wp\/v2\/types\/page"}],"author":[{"embeddable":true,"href":"https:\/\/terralea.fr\/index.php?rest_route=\/wp\/v2\/users\/1"}],"replies":[{"embeddable":true,"href":"https:\/\/terralea.fr\/index.php?rest_route=%2Fwp%2Fv2%2Fcomments&post=125"}],"version-history":[{"count":24,"href":"https:\/\/terralea.fr\/index.php?rest_route=\/wp\/v2\/pages\/125\/revisions"}],"predecessor-version":[{"id":642,"href":"https:\/\/terralea.fr\/index.php?rest_route=\/wp\/v2\/pages\/125\/revisions\/642"}],"wp:attachment":[{"href":"https:\/\/terralea.fr\/index.php?rest_route=%2Fwp%2Fv2%2Fmedia&parent=125"}],"curies":[{"name":"wp","href":"https:\/\/api.w.org\/{rel}","templated":true}]}}