{"id":141,"date":"2024-01-18T12:06:01","date_gmt":"2024-01-18T11:06:01","guid":{"rendered":"https:\/\/terralea.fr\/?page_id=141"},"modified":"2024-04-30T13:56:20","modified_gmt":"2024-04-30T11:56:20","slug":"les-proprietes","status":"publish","type":"page","link":"https:\/\/terralea.fr\/?page_id=141","title":{"rendered":"Bienfaits"},"content":{"rendered":"\t\t<div data-elementor-type=\"wp-page\" data-elementor-id=\"141\" class=\"elementor elementor-141\">\n\t\t\t\t<div class=\"elementor-element elementor-element-9187888 e-flex e-con-boxed e-con e-parent\" data-id=\"9187888\" data-element_type=\"container\" data-core-v316-plus=\"true\">\n\t\t\t\t\t<div class=\"e-con-inner\">\n\t\t<div class=\"elementor-element elementor-element-9d6be72 e-con-full e-flex e-con e-child\" data-id=\"9d6be72\" data-element_type=\"container\">\n\t\t\t\t<div class=\"elementor-element elementor-element-b769f33 elementor-widget__width-initial elementor-widget elementor-widget-text-editor\" data-id=\"b769f33\" data-element_type=\"widget\" data-widget_type=\"text-editor.default\">\n\t\t\t\t<div class=\"elementor-widget-container\">\n\t\t\t<style>\/*! elementor - v3.20.0 - 26-03-2024 *\/\n.elementor-widget-text-editor.elementor-drop-cap-view-stacked .elementor-drop-cap{background-color:#69727d;color:#fff}.elementor-widget-text-editor.elementor-drop-cap-view-framed .elementor-drop-cap{color:#69727d;border:3px solid;background-color:transparent}.elementor-widget-text-editor:not(.elementor-drop-cap-view-default) .elementor-drop-cap{margin-top:8px}.elementor-widget-text-editor:not(.elementor-drop-cap-view-default) .elementor-drop-cap-letter{width:1em;height:1em}.elementor-widget-text-editor .elementor-drop-cap{float:left;text-align:center;line-height:1;font-size:50px}.elementor-widget-text-editor .elementor-drop-cap-letter{display:inline-block}<\/style>\t\t\t\t<p><!-- wp:paragraph --><\/p>\n<p style=\"text-align: right;\"><strong>D\u00e9couvrez les bienfaits des hydrolats,\u00a0des extraits naturels de plantes<\/strong><\/p>\n<p style=\"text-align: right;\">Les hydrolats, sont une des bases de la gamme de soin Terralea, souvent peu connus mais n\u00e9anmoins pr\u00e9cieux, ils repr\u00e9sentent une source de bienfaits insoup\u00e7onn\u00e9e pour notre sant\u00e9 et notre bien-\u00eatre.\u00a0Issus de la distillation des plantes aromatiques, les hydrolats renferment une multitude de propri\u00e9t\u00e9s th\u00e9rapeutiques et cosm\u00e9tiques, offrant une alternative douce et naturelle dans notre quotidien. D\u00e9couvrons ensemble les merveilles que les hydrolats peuvent apporter \u00e0 notre vie.<\/p>\n<p><!-- \/wp:paragraph --><\/p>\t\t\t\t\t\t<\/div>\n\t\t\t\t<\/div>\n\t\t\t\t<\/div>\n\t\t<div class=\"elementor-element elementor-element-d9f5d7a e-con-full e-flex e-con e-child\" data-id=\"d9f5d7a\" data-element_type=\"container\">\n\t\t\t\t<div class=\"elementor-element elementor-element-4a2cbcd elementor-widget__width-initial elementor-widget elementor-widget-image\" data-id=\"4a2cbcd\" data-element_type=\"widget\" data-widget_type=\"image.default\">\n\t\t\t\t<div class=\"elementor-widget-container\">\n\t\t\t<style>\/*! elementor - v3.20.0 - 26-03-2024 *\/\n.elementor-widget-image{text-align:center}.elementor-widget-image a{display:inline-block}.elementor-widget-image a img[src$=\".svg\"]{width:48px}.elementor-widget-image img{vertical-align:middle;display:inline-block}<\/style>\t\t\t\t\t\t\t\t\t\t<img fetchpriority=\"high\" decoding=\"async\" width=\"640\" height=\"856\" src=\"https:\/\/terralea.fr\/wp-content\/uploads\/2024\/04\/IMG-20231123-WA0042-766x1024.jpg\" class=\"attachment-large size-large wp-image-577\" alt=\"\" srcset=\"https:\/\/terralea.fr\/wp-content\/uploads\/2024\/04\/IMG-20231123-WA0042-766x1024.jpg 766w, https:\/\/terralea.fr\/wp-content\/uploads\/2024\/04\/IMG-20231123-WA0042-224x300.jpg 224w, https:\/\/terralea.fr\/wp-content\/uploads\/2024\/04\/IMG-20231123-WA0042-768x1027.jpg 768w, https:\/\/terralea.fr\/wp-content\/uploads\/2024\/04\/IMG-20231123-WA0042-1149x1536.jpg 1149w, https:\/\/terralea.fr\/wp-content\/uploads\/2024\/04\/IMG-20231123-WA0042-300x401.jpg 300w, https:\/\/terralea.fr\/wp-content\/uploads\/2024\/04\/IMG-20231123-WA0042-850x1136.jpg 850w, https:\/\/terralea.fr\/wp-content\/uploads\/2024\/04\/IMG-20231123-WA0042-600x802.jpg 600w, https:\/\/terralea.fr\/wp-content\/uploads\/2024\/04\/IMG-20231123-WA0042.jpg 1197w\" sizes=\"(max-width: 640px) 100vw, 640px\" \/>\t\t\t\t\t\t\t\t\t\t\t\t\t<\/div>\n\t\t\t\t<\/div>\n\t\t\t\t<\/div>\n\t\t\t\t\t<\/div>\n\t\t\t\t<\/div>\n\t\t<div class=\"elementor-element elementor-element-45be8fc e-flex e-con-boxed e-con e-parent\" data-id=\"45be8fc\" data-element_type=\"container\" data-core-v316-plus=\"true\">\n\t\t\t\t\t<div class=\"e-con-inner\">\n\t\t\t\t<div class=\"elementor-element elementor-element-05b7f01 elementor-widget__width-initial elementor-widget elementor-widget-text-editor\" data-id=\"05b7f01\" data-element_type=\"widget\" data-widget_type=\"text-editor.default\">\n\t\t\t\t<div class=\"elementor-widget-container\">\n\t\t\t\t\t\t\t<p><!-- wp:paragraph --><\/p>\n<p><strong>Qu&#8217;est-ce qu&#8217;un hydrolat?<\/strong><\/p>\n<p>Les hydrolats, \u00e9galement appel\u00e9s eaux florales, sont des solutions aqueuses obtenues lors de la distillation des plantes aromatiques. Ce processus consiste \u00e0 extraire les huiles essentielles des plantes, laissant ainsi dans l&#8217;eau une empreinte subtile des principes actifs de la plante. Cette eau charg\u00e9e en mol\u00e9cules v\u00e9g\u00e9tales poss\u00e8de ainsi souvent des propri\u00e9t\u00e9s similaires \u00e0 celles des huiles essentielles, mais de mani\u00e8re plus douce et moins concentr\u00e9e, la rendant adapt\u00e9e \u00e0 un usage plus large et plus s\u00fbr, y compris pour les enfants et les personnes sensibles.<\/p>\n<p><!-- \/wp:paragraph --><\/p>\t\t\t\t\t\t<\/div>\n\t\t\t\t<\/div>\n\t\t\t\t\t<\/div>\n\t\t\t\t<\/div>\n\t\t<div class=\"elementor-element elementor-element-fb6777f e-flex e-con-boxed e-con e-parent\" data-id=\"fb6777f\" data-element_type=\"container\" data-core-v316-plus=\"true\">\n\t\t\t\t\t<div class=\"e-con-inner\">\n\t\t\t\t<div class=\"elementor-element elementor-element-9eb4a77 elementor-widget elementor-widget-image\" data-id=\"9eb4a77\" data-element_type=\"widget\" data-widget_type=\"image.default\">\n\t\t\t\t<div class=\"elementor-widget-container\">\n\t\t\t\t\t\t\t\t\t\t\t\t\t<img decoding=\"async\" width=\"640\" height=\"214\" src=\"https:\/\/terralea.fr\/wp-content\/uploads\/2023\/11\/cropped-cropped-IMG_20230721_110649-scaled-1-1024x342.jpg\" class=\"attachment-large size-large wp-image-36\" alt=\"\" srcset=\"https:\/\/terralea.fr\/wp-content\/uploads\/2023\/11\/cropped-cropped-IMG_20230721_110649-scaled-1-1024x342.jpg 1024w, https:\/\/terralea.fr\/wp-content\/uploads\/2023\/11\/cropped-cropped-IMG_20230721_110649-scaled-1-600x200.jpg 600w, https:\/\/terralea.fr\/wp-content\/uploads\/2023\/11\/cropped-cropped-IMG_20230721_110649-scaled-1-300x100.jpg 300w, https:\/\/terralea.fr\/wp-content\/uploads\/2023\/11\/cropped-cropped-IMG_20230721_110649-scaled-1-768x256.jpg 768w, https:\/\/terralea.fr\/wp-content\/uploads\/2023\/11\/cropped-cropped-IMG_20230721_110649-scaled-1-850x284.jpg 850w, https:\/\/terralea.fr\/wp-content\/uploads\/2023\/11\/cropped-cropped-IMG_20230721_110649-scaled-1.jpg 1499w\" sizes=\"(max-width: 640px) 100vw, 640px\" \/>\t\t\t\t\t\t\t\t\t\t\t\t\t<\/div>\n\t\t\t\t<\/div>\n\t\t\t\t<div class=\"elementor-element elementor-element-6d7398d elementor-widget elementor-widget-text-editor\" data-id=\"6d7398d\" data-element_type=\"widget\" data-widget_type=\"text-editor.default\">\n\t\t\t\t<div class=\"elementor-widget-container\">\n\t\t\t\t\t\t\t\t\t\t\t\t\t<\/div>\n\t\t\t\t<\/div>\n\t\t\t\t\t<\/div>\n\t\t\t\t<\/div>\n\t\t<div class=\"elementor-element elementor-element-2e659c1 e-flex e-con-boxed e-con e-parent\" data-id=\"2e659c1\" data-element_type=\"container\" data-core-v316-plus=\"true\">\n\t\t\t\t\t<div class=\"e-con-inner\">\n\t\t\t\t<div class=\"elementor-element elementor-element-f8022c6 elementor-widget__width-initial elementor-widget elementor-widget-text-editor\" data-id=\"f8022c6\" data-element_type=\"widget\" data-widget_type=\"text-editor.default\">\n\t\t\t\t<div class=\"elementor-widget-container\">\n\t\t\t\t\t\t\t<p><!-- wp:paragraph --><\/p>\n<p><strong>Les multiples bienfaits des hydrolats<\/strong><\/p>\n<figure><strong>&gt; Propri\u00e9t\u00e9s th\u00e9rapeutiques:<\/strong>&nbsp;<span style=\"text-align: var(--text-align);\">Les hydrolats renferment une richesse de compos\u00e9s actifs qui leur conf\u00e8rent des propri\u00e9t\u00e9s th\u00e9rapeutiques vari\u00e9es. Ils peuvent \u00eatre utilis\u00e9es en usage interne pour soulager divers maux, tels que les troubles digestifs, les difficult\u00e9s d\u2019endormissement, le stress, pour renforcer le syst\u00e8me immunitaire\u2026 ou en usage externe pour apaiser le probl\u00e8mes de peau, les irritations cutan\u00e9es, les br\u00fblures ou les piq\u00fbres d&#8217;insectes.<\/span><\/figure>\n<figure><b>&gt; Soins de la peau: <\/b>Les hydrolats sont \u00e9galement de pr\u00e9cieux alli\u00e9s pour prendre soin de notre peau. Leur composition riche en actifs naturels en fait d&#8217;excellents toniques cutan\u00e9s, aidant \u00e0 r\u00e9guler le pH de la peau, \u00e0 resserrer les pores et \u00e0 revitaliser le teint. Certains hydrolats, tels que ceux de rose, de g\u00e9ranium, d\u2019h\u00e9lichryse, de verveine\u2026 sont particuli\u00e8rement appr\u00e9ci\u00e9s pour leurs propri\u00e9t\u00e9s hydratantes, anti-\u00e2ge et r\u00e9g\u00e9n\u00e9rantes, offrant \u00e0 la peau \u00e9clat et jeunesse.<b>&nbsp;<\/b><\/figure>\n<figure><b>&gt; Bien-\u00eatre \u00e9motionnel:<\/b> En plus de leurs bienfaits physiques, les hydrolats jouent un r\u00f4le important dans notre bien-\u00eatre \u00e9motionnel. Leurs ar\u00f4mes subtils agissent directement sur nos \u00e9motions et notre \u00e9tat d&#8217;esprit, apportant calme, r\u00e9confort et \u00e9quilibre. Ainsi, l&#8217;hydrolat de m\u00e9lisse est r\u00e9put\u00e9 pour ses vertus apaisantes et r\u00e9confortantes, favorisant un sentiment de bien-\u00eatre et de douceur, tandis que l&#8217;hydrolat de menthe poivr\u00e9e est revigorant et rafra\u00eechissant, id\u00e9al pour stimuler l&#8217;\u00e9nergie et la concentration.<\/figure><figure><br><\/figure>\n<figure><\/figure>\n<figure><b>Comment utiliser les hydrolats?<\/b><\/figure>\n<figure>Les hydrolats peuvent \u00eatre utilis\u00e9s de multiples fa\u00e7ons, en fonction de leurs propri\u00e9t\u00e9s et de nos besoins sp\u00e9cifiques :<\/figure>\n<figure><span style=\"text-align: var(--text-align);\">&gt; En ing\u00e9rant, diluer avec de l\u2019eau<\/span><\/figure>\n<figure><span style=\"text-align: var(--text-align);\">&gt; En vaporisation sur la peau comme tonique facial ou brumisateur rafra\u00eechissant<\/span><\/figure>\n<figure><span style=\"text-align: var(--text-align);\">&gt; En compresse ou en spray pour apaiser les irritations cutan\u00e9es, les coups de soleil ou les piq\u00fbres d&#8217;insectes.&nbsp;<\/span><\/figure>\n<figure><span style=\"text-align: var(--text-align);\">Il est important de choisir des hydrolats de qualit\u00e9, issus de plantes biologiques et obtenus par distillation douce, afin de pr\u00e9server au maximum leurs principes actifs et leur efficacit\u00e9.<\/span><\/figure>\n<figure>En conclusion, les hydrolats sont de v\u00e9ritables tr\u00e9sors de la nature, offrant une multitude de bienfaits pour notre sant\u00e9, notre beaut\u00e9 et notre bien-\u00eatre \u00e9motionnel. Leur utilisation r\u00e9guli\u00e8re permet de profiter pleinement des vertus des plantes aromatiques, tout en prenant soin de notre corps et de notre esprit de mani\u00e8re douce, naturelle et respectueuse de l&#8217;environnement.<\/figure>\n<p><!-- \/wp:paragraph --><\/p>\t\t\t\t\t\t<\/div>\n\t\t\t\t<\/div>\n\t\t\t\t\t<\/div>\n\t\t\t\t<\/div>\n\t\t<div class=\"elementor-element elementor-element-13cb721 e-flex e-con-boxed e-con e-parent\" data-id=\"13cb721\" data-element_type=\"container\" data-core-v316-plus=\"true\">\n\t\t\t\t\t<div class=\"e-con-inner\">\n\t\t<div class=\"elementor-element elementor-element-fd07a62 e-con-full e-flex e-con e-child\" data-id=\"fd07a62\" data-element_type=\"container\">\n\t\t\t\t<\/div>\n\t\t<div class=\"elementor-element elementor-element-dbe7e46 e-con-full e-flex e-con e-child\" data-id=\"dbe7e46\" data-element_type=\"container\">\n\t\t\t\t<\/div>\n\t\t\t\t\t<\/div>\n\t\t\t\t<\/div>\n\t\t\t\t<\/div>\n\t\t","protected":false},"excerpt":{"rendered":"<p>D\u00e9couvrez les bienfaits des hydrolats,\u00a0des extraits naturels de plantes Les hydrolats, sont une des bases de la gamme de soin Terralea, souvent peu connus mais n\u00e9anmoins pr\u00e9cieux, ils repr\u00e9sentent une source de bienfaits insoup\u00e7onn\u00e9e pour notre sant\u00e9 et notre bien-\u00eatre.\u00a0Issus de la distillation des plantes aromatiques, les hydrolats renferment une multitude de propri\u00e9t\u00e9s th\u00e9rapeutiques et&#8230;<\/p>\n","protected":false},"author":1,"featured_media":0,"parent":0,"menu_order":0,"comment_status":"closed","ping_status":"closed","template":"","meta":{"om_disable_all_campaigns":false,"_monsterinsights_skip_tracking":false,"_monsterinsights_sitenote_active":false,"_monsterinsights_sitenote_note":"","_monsterinsights_sitenote_category":0,"footnotes":""},"aioseo_notices":[],"_links":{"self":[{"href":"https:\/\/terralea.fr\/index.php?rest_route=\/wp\/v2\/pages\/141"}],"collection":[{"href":"https:\/\/terralea.fr\/index.php?rest_route=\/wp\/v2\/pages"}],"about":[{"href":"https:\/\/terralea.fr\/index.php?rest_route=\/wp\/v2\/types\/page"}],"author":[{"embeddable":true,"href":"https:\/\/terralea.fr\/index.php?rest_route=\/wp\/v2\/users\/1"}],"replies":[{"embeddable":true,"href":"https:\/\/terralea.fr\/index.php?rest_route=%2Fwp%2Fv2%2Fcomments&post=141"}],"version-history":[{"count":33,"href":"https:\/\/terralea.fr\/index.php?rest_route=\/wp\/v2\/pages\/141\/revisions"}],"predecessor-version":[{"id":638,"href":"https:\/\/terralea.fr\/index.php?rest_route=\/wp\/v2\/pages\/141\/revisions\/638"}],"wp:attachment":[{"href":"https:\/\/terralea.fr\/index.php?rest_route=%2Fwp%2Fv2%2Fmedia&parent=141"}],"curies":[{"name":"wp","href":"https:\/\/api.w.org\/{rel}","templated":true}]}}