{"id":178,"date":"2024-01-25T15:41:40","date_gmt":"2024-01-25T14:41:40","guid":{"rendered":"https:\/\/terralea.fr\/?page_id=178"},"modified":"2024-12-10T15:12:24","modified_gmt":"2024-12-10T14:12:24","slug":"la-marque","status":"publish","type":"page","link":"https:\/\/terralea.fr\/?page_id=178","title":{"rendered":""},"content":{"rendered":"\t\t<div data-elementor-type=\"wp-page\" data-elementor-id=\"178\" class=\"elementor elementor-178\">\n\t\t\t\t<div class=\"elementor-element elementor-element-6a4bb33 e-con-full e-flex e-con e-parent\" data-id=\"6a4bb33\" data-element_type=\"container\" data-core-v316-plus=\"true\">\n\t\t<div class=\"elementor-element elementor-element-814ae23 e-con-full e-flex e-con e-child\" data-id=\"814ae23\" data-element_type=\"container\">\n\t\t\t\t<div class=\"elementor-element elementor-element-f9ecb24 elementor-widget__width-initial elementor-widget elementor-widget-text-editor\" data-id=\"f9ecb24\" data-element_type=\"widget\" data-widget_type=\"text-editor.default\">\n\t\t\t\t<div class=\"elementor-widget-container\">\n\t\t\t<style>\/*! elementor - v3.20.0 - 26-03-2024 *\/\n.elementor-widget-text-editor.elementor-drop-cap-view-stacked .elementor-drop-cap{background-color:#69727d;color:#fff}.elementor-widget-text-editor.elementor-drop-cap-view-framed .elementor-drop-cap{color:#69727d;border:3px solid;background-color:transparent}.elementor-widget-text-editor:not(.elementor-drop-cap-view-default) .elementor-drop-cap{margin-top:8px}.elementor-widget-text-editor:not(.elementor-drop-cap-view-default) .elementor-drop-cap-letter{width:1em;height:1em}.elementor-widget-text-editor .elementor-drop-cap{float:left;text-align:center;line-height:1;font-size:50px}.elementor-widget-text-editor .elementor-drop-cap-letter{display:inline-block}<\/style>\t\t\t\t<p><!-- wp:paragraph --><\/p>\n<p style=\"text-align: center;\"><strong>L&#8217;\u00e9coresponsabilit\u00e9 au coeur de Terralea<\/strong><\/p>\n<p style=\"text-align: center;\"><!-- \/wp:paragraph --><!-- wp:paragraph --><\/p>\n<p style=\"text-align: center;\">La gamme Terralea a \u00e9t\u00e9 con\u00e7ue dans un souci de prendre soin du vivant, de la premi\u00e8re intention jusqu\u2019\u00e0 la vente des produits. La terre est travaill\u00e9e avec des m\u00e9thodes douces et respectueuses. La marque contribue \u00e0 la biodiversit\u00e9 en participant \u00e0 la plantation de haies sur les parcelles cultiv\u00e9es. Toutes les plantes sont cultiv\u00e9es localement en agriculture biologique.<\/p>\n<p><!-- \/wp:paragraph --><!-- wp:paragraph --><\/p>\n<p><!-- \/wp:paragraph --><!-- wp:paragraph --><\/p>\n<p><!-- \/wp:paragraph --><\/p>\t\t\t\t\t\t<\/div>\n\t\t\t\t<\/div>\n\t\t\t\t<\/div>\n\t\t\t\t<\/div>\n\t\t<div class=\"elementor-element elementor-element-c51a6e0 e-flex e-con-boxed e-con e-parent\" data-id=\"c51a6e0\" data-element_type=\"container\" data-core-v316-plus=\"true\">\n\t\t\t\t\t<div class=\"e-con-inner\">\n\t\t<div class=\"elementor-element elementor-element-a32ea43 e-con-full e-flex e-con e-child\" data-id=\"a32ea43\" data-element_type=\"container\">\n\t\t\t\t<div class=\"elementor-element elementor-element-a7f228c elementor-widget__width-initial elementor-widget elementor-widget-image\" data-id=\"a7f228c\" data-element_type=\"widget\" data-widget_type=\"image.default\">\n\t\t\t\t<div class=\"elementor-widget-container\">\n\t\t\t<style>\/*! elementor - v3.20.0 - 26-03-2024 *\/\n.elementor-widget-image{text-align:center}.elementor-widget-image a{display:inline-block}.elementor-widget-image a img[src$=\".svg\"]{width:48px}.elementor-widget-image img{vertical-align:middle;display:inline-block}<\/style>\t\t\t\t\t\t\t\t\t\t<img fetchpriority=\"high\" decoding=\"async\" width=\"640\" height=\"479\" src=\"https:\/\/terralea.fr\/wp-content\/uploads\/2024\/04\/IMG-20231123-WA0014-1024x766.jpg\" class=\"attachment-large size-large wp-image-627\" alt=\"\" srcset=\"https:\/\/terralea.fr\/wp-content\/uploads\/2024\/04\/IMG-20231123-WA0014-1024x766.jpg 1024w, https:\/\/terralea.fr\/wp-content\/uploads\/2024\/04\/IMG-20231123-WA0014-300x224.jpg 300w, https:\/\/terralea.fr\/wp-content\/uploads\/2024\/04\/IMG-20231123-WA0014-768x575.jpg 768w, https:\/\/terralea.fr\/wp-content\/uploads\/2024\/04\/IMG-20231123-WA0014-1536x1149.jpg 1536w, https:\/\/terralea.fr\/wp-content\/uploads\/2024\/04\/IMG-20231123-WA0014-850x636.jpg 850w, https:\/\/terralea.fr\/wp-content\/uploads\/2024\/04\/IMG-20231123-WA0014-600x449.jpg 600w, https:\/\/terralea.fr\/wp-content\/uploads\/2024\/04\/IMG-20231123-WA0014.jpg 2048w\" sizes=\"(max-width: 640px) 100vw, 640px\" \/>\t\t\t\t\t\t\t\t\t\t\t\t\t<\/div>\n\t\t\t\t<\/div>\n\t\t\t\t<\/div>\n\t\t<div class=\"elementor-element elementor-element-814857c e-con-full e-flex e-con e-child\" data-id=\"814857c\" data-element_type=\"container\">\n\t\t\t\t<div class=\"elementor-element elementor-element-0260b42 elementor-widget__width-initial elementor-widget elementor-widget-text-editor\" data-id=\"0260b42\" data-element_type=\"widget\" data-widget_type=\"text-editor.default\">\n\t\t\t\t<div class=\"elementor-widget-container\">\n\t\t\t\t\t\t\t<p><!-- wp:paragraph --><\/p>\n<p style=\"text-align: center;\"><!-- \/wp:paragraph --><!-- wp:list --><\/p>\n<ul>\n<li style=\"list-style-type: none;\">\n<ul><!-- wp:list-item --><\/ul>\n<\/li>\n<li><em>100% naturel et sans conservateur<\/em><\/li>\n<li><em>Emballage en verre biophotonique<\/em><\/li>\n<li><em>Fabriqu\u00e9 et produit en France<\/em><\/li>\n<li><em>Agriculture Biologique<\/em><\/li>\n<li><em>Co-formul\u00e9 par une pharmacienne<\/em><\/li>\n<\/ul>\n<p><!-- \/wp:paragraph --><!-- wp:paragraph --><\/p>\n<p><!-- \/wp:paragraph --><!-- wp:paragraph --><\/p>\n<p><!-- \/wp:paragraph --><\/p>\t\t\t\t\t\t<\/div>\n\t\t\t\t<\/div>\n\t\t\t\t<\/div>\n\t\t\t\t\t<\/div>\n\t\t\t\t<\/div>\n\t\t<div class=\"elementor-element elementor-element-2d36278e e-flex e-con-boxed e-con e-parent\" data-id=\"2d36278e\" data-element_type=\"container\" data-core-v316-plus=\"true\">\n\t\t\t\t\t<div class=\"e-con-inner\">\n\t\t\t\t<div class=\"elementor-element elementor-element-217256f9 elementor-widget elementor-widget-text-editor\" data-id=\"217256f9\" data-element_type=\"widget\" data-widget_type=\"text-editor.default\">\n\t\t\t\t<div class=\"elementor-widget-container\">\n\t\t\t\t\t\t\t<p><!-- wp:paragraph --><\/p>\n<p style=\"text-align: center;\"><!-- \/wp:paragraph --><!-- wp:list --><\/p>\n<ul>\n<li style=\"list-style-type: none;\">\n<ul><!-- wp:list-item --><\/ul>\n<\/li>\n<\/ul>\n<p><!-- \/wp:list-item --><\/p>\n<p><!-- \/wp:list --><!-- wp:paragraph --><\/p>\n<p style=\"text-align: center;\"><strong>Julie la fondatrice de Terralea<\/strong><\/p>\n<p>&#8220;Apr\u00e8s une premi\u00e8re vie professionnelle riche en collaboration avec des scientifiques et des m\u00e9decins dans le domaine de l\u2019agro-sant\u00e9, j\u2019ai eu envie, avec l\u2019appuie de ma s\u0153ur Amandine Docteur en pharmacie, de fonder la marque Terralea. Une gamme de produits de soin naturels et efficaces \u00e0 base d\u2019extraits de plante.&#8221;<\/p>\n<p><!-- \/wp:paragraph --><!-- wp:columns --><\/p>\n<div class=\"wp-block-columns\">\n<p><!-- wp:column {\"width\":\"100%\"} --><\/p>\n<div class=\"wp-block-column\" style=\"flex-basis: 100%;\">\n<p><!-- wp:image {\"align\":\"center\",\"id\":405,\"width\":\"495px\",\"height\":\"auto\",\"sizeSlug\":\"large\",\"linkDestination\":\"none\",\"style\":{\"color\":{\"duotone\":\"unset\"}},\"className\":\"is-style-rounded\"} --><\/p>\n<figure class=\"wp-block-image aligncenter size-large is-resized is-style-rounded\"><img decoding=\"async\" width=\"1750\" height=\"1167\" class=\"wp-image-405\" style=\"width: 495px; height: auto;\" src=\"https:\/\/terralea.fr\/wp-content\/uploads\/2024\/03\/DSC_0329-1-edited.jpg\" alt=\"\" srcset=\"https:\/\/terralea.fr\/wp-content\/uploads\/2024\/03\/DSC_0329-1-edited.jpg 1750w, https:\/\/terralea.fr\/wp-content\/uploads\/2024\/03\/DSC_0329-1-edited-300x200.jpg 300w, https:\/\/terralea.fr\/wp-content\/uploads\/2024\/03\/DSC_0329-1-edited-1024x683.jpg 1024w, https:\/\/terralea.fr\/wp-content\/uploads\/2024\/03\/DSC_0329-1-edited-768x512.jpg 768w, https:\/\/terralea.fr\/wp-content\/uploads\/2024\/03\/DSC_0329-1-edited-1536x1024.jpg 1536w, https:\/\/terralea.fr\/wp-content\/uploads\/2024\/03\/DSC_0329-1-edited-850x567.jpg 850w, https:\/\/terralea.fr\/wp-content\/uploads\/2024\/03\/DSC_0329-1-edited-600x400.jpg 600w\" sizes=\"(max-width: 1750px) 100vw, 1750px\" \/><\/figure>\n<\/div>\n<\/div>\n<p><!-- \/wp:paragraph --><!-- wp:paragraph {\"align\":\"center\"} --><\/p>\n<p class=\"has-text-align-center\"><strong>Terralea, c\u2019est la volont\u00e9 de faire d\u00e9couvrir au plus grand nombre l\u2019usage et les vertus des plantes m\u00e9dicinales locales tout\u00a0en\u00a0pr\u00e9servant la plan\u00e8te.<\/strong><\/p>\n<p>\u00a0<\/p>\n<p style=\"text-align: center;\"><em>Pour son installation Terralea a \u00e9t\u00e9 aid\u00e9 par la r\u00e9gion Auvergne-Rh\u00f4ne-Alpes via la DJA, dotation jeune agriculteur.<\/em><\/p>\n<p><!-- \/wp:paragraph --><!-- wp:paragraph --><\/p>\n<p><!-- \/wp:paragraph --><!-- wp:paragraph --><\/p>\n<p><!-- \/wp:paragraph --><\/p>\t\t\t\t\t\t<\/div>\n\t\t\t\t<\/div>\n\t\t\t\t\t<\/div>\n\t\t\t\t<\/div>\n\t\t\t\t<\/div>\n\t\t","protected":false},"excerpt":{"rendered":"<p>L&#8217;\u00e9coresponsabilit\u00e9 au coeur de Terralea La gamme Terralea a \u00e9t\u00e9 con\u00e7ue dans un souci de prendre soin du vivant, de la premi\u00e8re intention jusqu\u2019\u00e0 la vente des produits. La terre est travaill\u00e9e avec des m\u00e9thodes douces et respectueuses. La marque contribue \u00e0 la biodiversit\u00e9 en participant \u00e0 la plantation de haies sur les parcelles cultiv\u00e9es&#8230;.<\/p>\n","protected":false},"author":1,"featured_media":0,"parent":0,"menu_order":0,"comment_status":"closed","ping_status":"closed","template":"","meta":{"om_disable_all_campaigns":false,"_monsterinsights_skip_tracking":false,"_monsterinsights_sitenote_active":false,"_monsterinsights_sitenote_note":"","_monsterinsights_sitenote_category":0,"footnotes":""},"aioseo_notices":[],"_links":{"self":[{"href":"https:\/\/terralea.fr\/index.php?rest_route=\/wp\/v2\/pages\/178"}],"collection":[{"href":"https:\/\/terralea.fr\/index.php?rest_route=\/wp\/v2\/pages"}],"about":[{"href":"https:\/\/terralea.fr\/index.php?rest_route=\/wp\/v2\/types\/page"}],"author":[{"embeddable":true,"href":"https:\/\/terralea.fr\/index.php?rest_route=\/wp\/v2\/users\/1"}],"replies":[{"embeddable":true,"href":"https:\/\/terralea.fr\/index.php?rest_route=%2Fwp%2Fv2%2Fcomments&post=178"}],"version-history":[{"count":28,"href":"https:\/\/terralea.fr\/index.php?rest_route=\/wp\/v2\/pages\/178\/revisions"}],"predecessor-version":[{"id":690,"href":"https:\/\/terralea.fr\/index.php?rest_route=\/wp\/v2\/pages\/178\/revisions\/690"}],"wp:attachment":[{"href":"https:\/\/terralea.fr\/index.php?rest_route=%2Fwp%2Fv2%2Fmedia&parent=178"}],"curies":[{"name":"wp","href":"https:\/\/api.w.org\/{rel}","templated":true}]}}